{"id":128,"date":"2019-06-03T11:20:03","date_gmt":"2019-06-03T09:20:03","guid":{"rendered":"http:\/\/www.rima-it.at\/rima\/?page_id=128"},"modified":"2019-06-13T08:32:18","modified_gmt":"2019-06-13T06:32:18","slug":"impressum","status":"publish","type":"page","link":"https:\/\/www.rima-it.at\/rima\/impressum\/","title":{"rendered":"Impressum"},"content":{"rendered":"<div id=\"pl-128\"  class=\"panel-layout\" ><div id=\"pg-128-0\"  class=\"panel-grid panel-no-style\" ><div id=\"pgc-128-0-0\"  class=\"panel-grid-cell\" ><div id=\"panel-128-0-0-0\" class=\"so-panel widget widget_black-studio-tinymce widget_black_studio_tinymce panel-first-child panel-last-child\" data-index=\"0\" ><div class=\"textwidget\"><p>F\u00fcr den Inhalt verantwortlich: Rippl Manfred<\/p>\n<p>RiMa- IT<br \/>\nSalzburgerstr. 7<br \/>\n5102 Anthering<\/p>\n<p>E-Mail: office@rima-it.at<br \/>\nTel: +43 699 13350711<\/p>\n<p>Unternehmensform: Einzelunternehmen<br \/>\nBerechtigungen aufrecht f\u00fcr: Dienstleistungen in der automatischen Datenverarbeitung und Informationstechnik<\/p>\n<p>Zust\u00e4ndige Aufsichtsbeh\u00f6rde: Bezirkshauptmannschaft Salzburg-Umgebung<\/p>\n<p>Kammer Zugeh\u00f6rigkeit: WK\u00d6, Salzburg \/FG Unternehmensberatung, Buchhaltung und Informationstechnologie<\/p>\n<p>Anwendbare Rechtsvorschriften: <a href=\"http:\/\/www.ris.bka.gv.at\" target=\"_blank\" rel=\"noopener\">http:\/\/www.ris.bka.gv.at<\/a><\/p>\n<p>UID NR: ATU74187649<\/p>\n<\/div><\/div><\/div><\/div><\/div>","protected":false},"excerpt":{"rendered":"<p>F\u00fcr den Inhalt verantwortlich: Rippl Manfred RiMa- IT Salzburgerstr. 7 5102 Anthering E-Mail: office@rima-it.at Tel: +43 699 13350711 Unternehmensform: Einzelunternehmen Berechtigungen aufrecht f\u00fcr: Dienstleistungen in der automatischen Datenverarbeitung und Informationstechnik Zust\u00e4ndige Aufsichtsbeh\u00f6rde: Bezirkshauptmannschaft Salzburg-Umgebung Kammer Zugeh\u00f6rigkeit: WK\u00d6, Salzburg \/FG Unternehmensberatung, Buchhaltung und Informationstechnologie Anwendbare Rechtsvorschriften: http:\/\/www.ris.bka.gv.at UID NR: ATU74187649<\/p>\n","protected":false},"author":1,"featured_media":0,"parent":0,"menu_order":0,"comment_status":"closed","ping_status":"closed","template":"","meta":{"ocean_post_layout":"","ocean_both_sidebars_style":"","ocean_both_sidebars_content_width":0,"ocean_both_sidebars_sidebars_width":0,"ocean_sidebar":"0","ocean_second_sidebar":"0","ocean_disable_margins":"enable","ocean_add_body_class":"","ocean_shortcode_before_top_bar":"","ocean_shortcode_after_top_bar":"","ocean_shortcode_before_header":"","ocean_shortcode_after_header":"","ocean_has_shortcode":"","ocean_shortcode_after_title":"","ocean_shortcode_before_footer_widgets":"","ocean_shortcode_after_footer_widgets":"","ocean_shortcode_before_footer_bottom":"","ocean_shortcode_after_footer_bottom":"","ocean_display_top_bar":"default","ocean_display_header":"default","ocean_header_style":"","ocean_center_header_left_menu":"0","ocean_custom_header_template":"0","ocean_custom_logo":0,"ocean_custom_retina_logo":0,"ocean_custom_logo_max_width":0,"ocean_custom_logo_tablet_max_width":0,"ocean_custom_logo_mobile_max_width":0,"ocean_custom_logo_max_height":0,"ocean_custom_logo_tablet_max_height":0,"ocean_custom_logo_mobile_max_height":0,"ocean_header_custom_menu":"0","ocean_menu_typo_font_family":"0","ocean_menu_typo_font_subset":"","ocean_menu_typo_font_size":0,"ocean_menu_typo_font_size_tablet":0,"ocean_menu_typo_font_size_mobile":0,"ocean_menu_typo_font_size_unit":"px","ocean_menu_typo_font_weight":"","ocean_menu_typo_font_weight_tablet":"","ocean_menu_typo_font_weight_mobile":"","ocean_menu_typo_transform":"","ocean_menu_typo_transform_tablet":"","ocean_menu_typo_transform_mobile":"","ocean_menu_typo_line_height":0,"ocean_menu_typo_line_height_tablet":0,"ocean_menu_typo_line_height_mobile":0,"ocean_menu_typo_line_height_unit":"","ocean_menu_typo_spacing":0,"ocean_menu_typo_spacing_tablet":0,"ocean_menu_typo_spacing_mobile":0,"ocean_menu_typo_spacing_unit":"","ocean_menu_link_color":"","ocean_menu_link_color_hover":"","ocean_menu_link_color_active":"","ocean_menu_link_background":"","ocean_menu_link_hover_background":"","ocean_menu_link_active_background":"","ocean_menu_social_links_bg":"","ocean_menu_social_hover_links_bg":"","ocean_menu_social_links_color":"","ocean_menu_social_hover_links_color":"","ocean_disable_title":"default","ocean_disable_heading":"default","ocean_post_title":"","ocean_post_subheading":"","ocean_post_title_style":"","ocean_post_title_background_color":"","ocean_post_title_background":0,"ocean_post_title_bg_image_position":"","ocean_post_title_bg_image_attachment":"","ocean_post_title_bg_image_repeat":"","ocean_post_title_bg_image_size":"","ocean_post_title_height":0,"ocean_post_title_bg_overlay":0.5,"ocean_post_title_bg_overlay_color":"","ocean_disable_breadcrumbs":"default","ocean_breadcrumbs_color":"","ocean_breadcrumbs_separator_color":"","ocean_breadcrumbs_links_color":"","ocean_breadcrumbs_links_hover_color":"","ocean_display_footer_widgets":"default","ocean_display_footer_bottom":"default","ocean_custom_footer_template":"0","footnotes":""},"class_list":["post-128","page","type-page","status-publish","hentry","entry"],"yoast_head":"<!-- This site is optimized with the Yoast SEO plugin v26.9 - https:\/\/yoast.com\/product\/yoast-seo-wordpress\/ -->\n<title>Impressum - rima-it<\/title>\n<meta name=\"robots\" content=\"noindex, nofollow\" \/>\n<meta property=\"og:locale\" content=\"de_DE\" \/>\n<meta property=\"og:type\" content=\"article\" \/>\n<meta property=\"og:title\" content=\"Impressum - rima-it\" \/>\n<meta property=\"og:description\" content=\"F\u00fcr den Inhalt verantwortlich: Rippl Manfred RiMa- IT Salzburgerstr. 7 5102 Anthering E-Mail: office@rima-it.at Tel: +43 699 13350711 Unternehmensform: Einzelunternehmen Berechtigungen aufrecht f\u00fcr: Dienstleistungen in der automatischen Datenverarbeitung und Informationstechnik Zust\u00e4ndige Aufsichtsbeh\u00f6rde: Bezirkshauptmannschaft Salzburg-Umgebung Kammer Zugeh\u00f6rigkeit: WK\u00d6, Salzburg \/FG Unternehmensberatung, Buchhaltung und Informationstechnologie Anwendbare Rechtsvorschriften: http:\/\/www.ris.bka.gv.at UID NR: ATU74187649\" \/>\n<meta property=\"og:url\" content=\"https:\/\/www.rima-it.at\/rima\/impressum\/\" \/>\n<meta property=\"og:site_name\" content=\"rima-it\" \/>\n<meta property=\"article:modified_time\" content=\"2019-06-13T06:32:18+00:00\" \/>\n<meta name=\"twitter:card\" content=\"summary_large_image\" \/>\n<script type=\"application\/ld+json\" class=\"yoast-schema-graph\">{\"@context\":\"https:\/\/schema.org\",\"@graph\":[{\"@type\":\"WebPage\",\"@id\":\"https:\/\/www.rima-it.at\/rima\/impressum\/\",\"url\":\"https:\/\/www.rima-it.at\/rima\/impressum\/\",\"name\":\"Impressum - rima-it\",\"isPartOf\":{\"@id\":\"https:\/\/www.rima-it.at\/rima\/#website\"},\"datePublished\":\"2019-06-03T09:20:03+00:00\",\"dateModified\":\"2019-06-13T06:32:18+00:00\",\"breadcrumb\":{\"@id\":\"https:\/\/www.rima-it.at\/rima\/impressum\/#breadcrumb\"},\"inLanguage\":\"de\",\"potentialAction\":[{\"@type\":\"ReadAction\",\"target\":[\"https:\/\/www.rima-it.at\/rima\/impressum\/\"]}]},{\"@type\":\"BreadcrumbList\",\"@id\":\"https:\/\/www.rima-it.at\/rima\/impressum\/#breadcrumb\",\"itemListElement\":[{\"@type\":\"ListItem\",\"position\":1,\"name\":\"Home\",\"item\":\"https:\/\/www.rima-it.at\/rima\/\"},{\"@type\":\"ListItem\",\"position\":2,\"name\":\"Impressum\"}]},{\"@type\":\"WebSite\",\"@id\":\"https:\/\/www.rima-it.at\/rima\/#website\",\"url\":\"https:\/\/www.rima-it.at\/rima\/\",\"name\":\"rima-it\",\"description\":\"IT - Dienstleistungen - Solution - Consulting\",\"publisher\":{\"@id\":\"https:\/\/www.rima-it.at\/rima\/#organization\"},\"potentialAction\":[{\"@type\":\"SearchAction\",\"target\":{\"@type\":\"EntryPoint\",\"urlTemplate\":\"https:\/\/www.rima-it.at\/rima\/?s={search_term_string}\"},\"query-input\":{\"@type\":\"PropertyValueSpecification\",\"valueRequired\":true,\"valueName\":\"search_term_string\"}}],\"inLanguage\":\"de\"},{\"@type\":\"Organization\",\"@id\":\"https:\/\/www.rima-it.at\/rima\/#organization\",\"name\":\"RIMA IT\",\"url\":\"https:\/\/www.rima-it.at\/rima\/\",\"logo\":{\"@type\":\"ImageObject\",\"inLanguage\":\"de\",\"@id\":\"https:\/\/www.rima-it.at\/rima\/#\/schema\/logo\/image\/\",\"url\":\"https:\/\/www.rima-it.at\/rima\/wp-content\/uploads\/2019\/04\/rm_it_dienstleistungen_logo.png\",\"contentUrl\":\"https:\/\/www.rima-it.at\/rima\/wp-content\/uploads\/2019\/04\/rm_it_dienstleistungen_logo.png\",\"width\":210,\"height\":211,\"caption\":\"RIMA IT\"},\"image\":{\"@id\":\"https:\/\/www.rima-it.at\/rima\/#\/schema\/logo\/image\/\"}}]}<\/script>\n<!-- \/ Yoast SEO plugin. -->","yoast_head_json":{"title":"Impressum - rima-it","robots":{"index":"noindex","follow":"nofollow"},"og_locale":"de_DE","og_type":"article","og_title":"Impressum - rima-it","og_description":"F\u00fcr den Inhalt verantwortlich: Rippl Manfred RiMa- IT Salzburgerstr. 7 5102 Anthering E-Mail: office@rima-it.at Tel: +43 699 13350711 Unternehmensform: Einzelunternehmen Berechtigungen aufrecht f\u00fcr: Dienstleistungen in der automatischen Datenverarbeitung und Informationstechnik Zust\u00e4ndige Aufsichtsbeh\u00f6rde: Bezirkshauptmannschaft Salzburg-Umgebung Kammer Zugeh\u00f6rigkeit: WK\u00d6, Salzburg \/FG Unternehmensberatung, Buchhaltung und Informationstechnologie Anwendbare Rechtsvorschriften: http:\/\/www.ris.bka.gv.at UID NR: ATU74187649","og_url":"https:\/\/www.rima-it.at\/rima\/impressum\/","og_site_name":"rima-it","article_modified_time":"2019-06-13T06:32:18+00:00","twitter_card":"summary_large_image","schema":{"@context":"https:\/\/schema.org","@graph":[{"@type":"WebPage","@id":"https:\/\/www.rima-it.at\/rima\/impressum\/","url":"https:\/\/www.rima-it.at\/rima\/impressum\/","name":"Impressum - rima-it","isPartOf":{"@id":"https:\/\/www.rima-it.at\/rima\/#website"},"datePublished":"2019-06-03T09:20:03+00:00","dateModified":"2019-06-13T06:32:18+00:00","breadcrumb":{"@id":"https:\/\/www.rima-it.at\/rima\/impressum\/#breadcrumb"},"inLanguage":"de","potentialAction":[{"@type":"ReadAction","target":["https:\/\/www.rima-it.at\/rima\/impressum\/"]}]},{"@type":"BreadcrumbList","@id":"https:\/\/www.rima-it.at\/rima\/impressum\/#breadcrumb","itemListElement":[{"@type":"ListItem","position":1,"name":"Home","item":"https:\/\/www.rima-it.at\/rima\/"},{"@type":"ListItem","position":2,"name":"Impressum"}]},{"@type":"WebSite","@id":"https:\/\/www.rima-it.at\/rima\/#website","url":"https:\/\/www.rima-it.at\/rima\/","name":"rima-it","description":"IT - Dienstleistungen - Solution - Consulting","publisher":{"@id":"https:\/\/www.rima-it.at\/rima\/#organization"},"potentialAction":[{"@type":"SearchAction","target":{"@type":"EntryPoint","urlTemplate":"https:\/\/www.rima-it.at\/rima\/?s={search_term_string}"},"query-input":{"@type":"PropertyValueSpecification","valueRequired":true,"valueName":"search_term_string"}}],"inLanguage":"de"},{"@type":"Organization","@id":"https:\/\/www.rima-it.at\/rima\/#organization","name":"RIMA IT","url":"https:\/\/www.rima-it.at\/rima\/","logo":{"@type":"ImageObject","inLanguage":"de","@id":"https:\/\/www.rima-it.at\/rima\/#\/schema\/logo\/image\/","url":"https:\/\/www.rima-it.at\/rima\/wp-content\/uploads\/2019\/04\/rm_it_dienstleistungen_logo.png","contentUrl":"https:\/\/www.rima-it.at\/rima\/wp-content\/uploads\/2019\/04\/rm_it_dienstleistungen_logo.png","width":210,"height":211,"caption":"RIMA IT"},"image":{"@id":"https:\/\/www.rima-it.at\/rima\/#\/schema\/logo\/image\/"}}]}},"_links":{"self":[{"href":"https:\/\/www.rima-it.at\/rima\/wp-json\/wp\/v2\/pages\/128","targetHints":{"allow":["GET"]}}],"collection":[{"href":"https:\/\/www.rima-it.at\/rima\/wp-json\/wp\/v2\/pages"}],"about":[{"href":"https:\/\/www.rima-it.at\/rima\/wp-json\/wp\/v2\/types\/page"}],"author":[{"embeddable":true,"href":"https:\/\/www.rima-it.at\/rima\/wp-json\/wp\/v2\/users\/1"}],"replies":[{"embeddable":true,"href":"https:\/\/www.rima-it.at\/rima\/wp-json\/wp\/v2\/comments?post=128"}],"version-history":[{"count":6,"href":"https:\/\/www.rima-it.at\/rima\/wp-json\/wp\/v2\/pages\/128\/revisions"}],"predecessor-version":[{"id":154,"href":"https:\/\/www.rima-it.at\/rima\/wp-json\/wp\/v2\/pages\/128\/revisions\/154"}],"wp:attachment":[{"href":"https:\/\/www.rima-it.at\/rima\/wp-json\/wp\/v2\/media?parent=128"}],"curies":[{"name":"wp","href":"https:\/\/api.w.org\/{rel}","templated":true}]}}